{"id":450,"date":"2004-01-23T14:51:00","date_gmt":"2004-01-23T13:51:00","guid":{"rendered":"https:\/\/www.asiacycle.de\/?page_id=450"},"modified":"2021-04-18T14:56:07","modified_gmt":"2021-04-18T12:56:07","slug":"vietnam","status":"publish","type":"page","link":"https:\/\/www.asiacycle.de\/index.php\/vietnam\/","title":{"rendered":"Vietnam"},"content":{"rendered":"\n<figure class=\"wp-block-gallery columns-2 is-cropped wp-block-gallery-1 is-layout-flex wp-block-gallery-is-layout-flex\"><ul class=\"blocks-gallery-grid\"><li class=\"blocks-gallery-item\"><figure><a href=\"https:\/\/www.asiacycle.de\/wp-content\/uploads\/2021\/04\/vietnam1.gif\"><img loading=\"lazy\" decoding=\"async\" width=\"656\" height=\"532\" src=\"https:\/\/www.asiacycle.de\/wp-content\/uploads\/2021\/04\/vietnam1.gif\" alt=\"\" data-id=\"451\" data-full-url=\"https:\/\/www.asiacycle.de\/wp-content\/uploads\/2021\/04\/vietnam1.gif\" data-link=\"https:\/\/www.asiacycle.de\/?attachment_id=451\" class=\"wp-image-451\"\/><\/a><\/figure><\/li><li class=\"blocks-gallery-item\"><figure><a href=\"https:\/\/www.asiacycle.de\/wp-content\/uploads\/2021\/04\/vietnam2.gif\"><img loading=\"lazy\" decoding=\"async\" width=\"656\" height=\"532\" src=\"https:\/\/www.asiacycle.de\/wp-content\/uploads\/2021\/04\/vietnam2.gif\" alt=\"\" data-id=\"452\" data-full-url=\"https:\/\/www.asiacycle.de\/wp-content\/uploads\/2021\/04\/vietnam2.gif\" data-link=\"https:\/\/www.asiacycle.de\/?attachment_id=452\" class=\"wp-image-452\"\/><\/a><\/figure><\/li><\/ul><figcaption class=\"blocks-gallery-caption\"><strong>Die gestrichelte Linie von Dong Ha nach Hoi An bin ich mit dem Bus gefahren, und sp\u00e4ter auch wieder zur\u00fcck nach Dong Ha, um von dort die Weiterreise nach Laos fortzuf\u00fchren.<\/strong><\/figcaption><\/figure>\n\n\n\n<p><\/p>\n","protected":false},"excerpt":{"rendered":"","protected":false},"author":1,"featured_media":0,"parent":0,"menu_order":0,"comment_status":"closed","ping_status":"closed","template":"","meta":{"footnotes":""},"class_list":["post-450","page","type-page","status-publish","hentry"],"_links":{"self":[{"href":"https:\/\/www.asiacycle.de\/index.php\/wp-json\/wp\/v2\/pages\/450","targetHints":{"allow":["GET"]}}],"collection":[{"href":"https:\/\/www.asiacycle.de\/index.php\/wp-json\/wp\/v2\/pages"}],"about":[{"href":"https:\/\/www.asiacycle.de\/index.php\/wp-json\/wp\/v2\/types\/page"}],"author":[{"embeddable":true,"href":"https:\/\/www.asiacycle.de\/index.php\/wp-json\/wp\/v2\/users\/1"}],"replies":[{"embeddable":true,"href":"https:\/\/www.asiacycle.de\/index.php\/wp-json\/wp\/v2\/comments?post=450"}],"version-history":[{"count":3,"href":"https:\/\/www.asiacycle.de\/index.php\/wp-json\/wp\/v2\/pages\/450\/revisions"}],"predecessor-version":[{"id":455,"href":"https:\/\/www.asiacycle.de\/index.php\/wp-json\/wp\/v2\/pages\/450\/revisions\/455"}],"wp:attachment":[{"href":"https:\/\/www.asiacycle.de\/index.php\/wp-json\/wp\/v2\/media?parent=450"}],"curies":[{"name":"wp","href":"https:\/\/api.w.org\/{rel}","templated":true}]}}